{"id":172,"date":"2013-12-12T21:03:17","date_gmt":"2013-12-13T02:03:17","guid":{"rendered":"http:\/\/makequeenssafer.org\/home\/?page_id=172"},"modified":"2013-12-23T20:55:31","modified_gmt":"2013-12-24T01:55:31","slug":"es","status":"publish","type":"page","link":"https:\/\/makequeenssafer.org\/home\/about\/es\/","title":{"rendered":""},"content":{"rendered":"<h4><span style=\"color: #339966;\">\u201cPor un Queens M\u00e1s Seguro\u201d<\/span> fue creado por un grupo de padres en apoyo a las familias que sufren la p\u00e9rdida o lesi\u00f3n de un ser querido, causadas por conductores negligentes, por dise\u00f1o de las calles\u00a0poco seguras, y una pobre implementaci\u00f3n de las leyes de tr\u00e1fico.<\/h4>\n<p>Somos un grupo de vecinos que se propone:<\/p>\n<ul>\n<li>Desarrollar un s\u00f3lido movimiento de base comunitaria, el cual considera que las fatalidades que involucran a peatones y a ciclistas son ciento por ciento evitables.<\/li>\n<li>Luchar por el establecimiento de se\u00f1alizaciones de tr\u00e1fico m\u00e1s seguras y por una mayor implementaci\u00f3n de las leyes de tr\u00e1fico.<\/li>\n<li>Demandar que los conductores en nuestra comunidad tomen responsabilidad por la seguridad de sus vecinos.<\/li>\n<li>Proveer materiales educativos para nuestra comunidad, relacionados con los temas de seguridad de conductores, peatonal y cicl\u00edstica en nuestras congestionadas calles.<\/li>\n<\/ul>\n<p>Damos la bienvenida a los voluntarios que est\u00e9n interesados en formar parte de este esfuerzo. Tambi\u00e9n estamos interesados en trabajar en conjunto con grupos comunitarios de Queens y en general, de toda la regi\u00f3n. Puede contactarnos envi\u00e1ndonos un correo electr\u00f3nico a <span style=\"color: #339966;\"><a href=\"mailto:MakeQueensSafer@gmail.com\"><span style=\"color: #339966;\">MakeQueensSafer@gmail.com<\/span><\/a><\/span>.<\/p>\n","protected":false},"excerpt":{"rendered":"<p>\u201cPor un Queens M\u00e1s Seguro\u201d fue creado por un grupo de padres en apoyo a las familias que sufren la p\u00e9rdida o lesi\u00f3n de un ser querido, causadas por conductores negligentes, por dise\u00f1o de las calles\u00a0poco seguras, y una pobre implementaci\u00f3n de las leyes de tr\u00e1fico. Somos un grupo de vecinos que se propone: Desarrollar [&hellip;]<\/p>\n","protected":false},"author":1,"featured_media":0,"parent":16,"menu_order":0,"comment_status":"closed","ping_status":"closed","template":"page-full-width.php","meta":{"ngg_post_thumbnail":0,"footnotes":""},"class_list":["post-172","page","type-page","status-publish","hentry"],"aioseo_notices":[],"_links":{"self":[{"href":"https:\/\/makequeenssafer.org\/home\/wp-json\/wp\/v2\/pages\/172","targetHints":{"allow":["GET"]}}],"collection":[{"href":"https:\/\/makequeenssafer.org\/home\/wp-json\/wp\/v2\/pages"}],"about":[{"href":"https:\/\/makequeenssafer.org\/home\/wp-json\/wp\/v2\/types\/page"}],"author":[{"embeddable":true,"href":"https:\/\/makequeenssafer.org\/home\/wp-json\/wp\/v2\/users\/1"}],"replies":[{"embeddable":true,"href":"https:\/\/makequeenssafer.org\/home\/wp-json\/wp\/v2\/comments?post=172"}],"version-history":[{"count":8,"href":"https:\/\/makequeenssafer.org\/home\/wp-json\/wp\/v2\/pages\/172\/revisions"}],"predecessor-version":[{"id":328,"href":"https:\/\/makequeenssafer.org\/home\/wp-json\/wp\/v2\/pages\/172\/revisions\/328"}],"up":[{"embeddable":true,"href":"https:\/\/makequeenssafer.org\/home\/wp-json\/wp\/v2\/pages\/16"}],"wp:attachment":[{"href":"https:\/\/makequeenssafer.org\/home\/wp-json\/wp\/v2\/media?parent=172"}],"curies":[{"name":"wp","href":"https:\/\/api.w.org\/{rel}","templated":true}]}}